{"id":148,"date":"2025-02-15T18:27:57","date_gmt":"2025-02-15T17:27:57","guid":{"rendered":"https:\/\/www.sistemteh.hr\/?page_id=148"},"modified":"2025-03-02T17:34:21","modified_gmt":"2025-03-02T16:34:21","slug":"o-nama","status":"publish","type":"page","link":"https:\/\/www.sistemteh.hr\/?page_id=148","title":{"rendered":"O nama"},"content":{"rendered":"\t\t<div data-elementor-type=\"wp-page\" data-elementor-id=\"148\" class=\"elementor elementor-148\" data-elementor-post-type=\"page\">\n\t\t\t\t<div class=\"elementor-element elementor-element-a30f1fd e-flex e-con-boxed e-con e-parent\" data-id=\"a30f1fd\" data-element_type=\"container\" data-settings=\"{&quot;background_background&quot;:&quot;classic&quot;}\">\n\t\t\t\t\t<div class=\"e-con-inner\">\n\t\t\t\t<div class=\"elementor-element elementor-element-27f760c elementor-widget elementor-widget-text-editor\" data-id=\"27f760c\" data-element_type=\"widget\" data-widget_type=\"text-editor.default\">\n\t\t\t\t<div class=\"elementor-widget-container\">\n\t\t\t\t\t\t\t\t\t<p>SISTEMTEH \u2013\u00a0 tehni\u010dka rje\u0161enja budu\u0107nosti&#8230;<\/p>\t\t\t\t\t\t\t\t<\/div>\n\t\t\t\t<\/div>\n\t\t\t\t\t<\/div>\n\t\t\t\t<\/div>\n\t\t<div class=\"elementor-element elementor-element-2232b10 elementor-hidden-mobile e-flex e-con-boxed e-con e-parent\" data-id=\"2232b10\" data-element_type=\"container\" data-settings=\"{&quot;background_background&quot;:&quot;classic&quot;}\">\n\t\t\t\t\t<div class=\"e-con-inner\">\n\t\t<div class=\"elementor-element elementor-element-bb38cbc e-con-full e-flex e-con e-child\" data-id=\"bb38cbc\" data-element_type=\"container\">\n\t\t\t\t<\/div>\n\t\t<div class=\"elementor-element elementor-element-dd302e8 e-con-full e-flex e-con e-child\" data-id=\"dd302e8\" data-element_type=\"container\">\n\t\t\t\t<div class=\"elementor-element elementor-element-93d33ad elementor-widget elementor-widget-text-editor\" data-id=\"93d33ad\" data-element_type=\"widget\" data-widget_type=\"text-editor.default\">\n\t\t\t\t<div class=\"elementor-widget-container\">\n\t\t\t\t\t\t\t\t\t<p>O nama<\/p>\t\t\t\t\t\t\t\t<\/div>\n\t\t\t\t<\/div>\n\t\t\t\t<div class=\"elementor-element elementor-element-0a9306f elementor-widget elementor-widget-text-editor\" data-id=\"0a9306f\" data-element_type=\"widget\" data-widget_type=\"text-editor.default\">\n\t\t\t\t<div class=\"elementor-widget-container\">\n\t\t\t\t\t\t\t\t\t<p>Mlada tvrtka s ogromnim zale\u0111em u podru\u010dju industrijske automatizacije, robotizacije i servisa.<\/p><p>Cilj nam je odgovoriti na izazove i prona\u0107i optimalna rje\u0161enja za na\u0161e klijente.<\/p><p>Kroz implementaciju i integraciju, sigurnost operatera kao i samog stroja\u00a0 nalazi se na prvom mijestu.<\/p>\t\t\t\t\t\t\t\t<\/div>\n\t\t\t\t<\/div>\n\t\t\t\t<\/div>\n\t\t\t\t\t<\/div>\n\t\t\t\t<\/div>\n\t\t<div class=\"elementor-element elementor-element-5675b4a elementor-hidden-desktop elementor-hidden-tablet e-flex e-con-boxed e-con e-parent\" data-id=\"5675b4a\" data-element_type=\"container\" data-settings=\"{&quot;background_background&quot;:&quot;classic&quot;}\">\n\t\t\t\t\t<div class=\"e-con-inner\">\n\t\t<div class=\"elementor-element elementor-element-161c435 e-con-full e-flex e-con e-child\" data-id=\"161c435\" data-element_type=\"container\">\n\t\t\t\t<\/div>\n\t\t<div class=\"elementor-element elementor-element-d69da8c e-con-full e-flex e-con e-child\" data-id=\"d69da8c\" data-element_type=\"container\">\n\t\t\t\t<div class=\"elementor-element elementor-element-aa1a6bb elementor-widget elementor-widget-text-editor\" data-id=\"aa1a6bb\" data-element_type=\"widget\" data-widget_type=\"text-editor.default\">\n\t\t\t\t<div class=\"elementor-widget-container\">\n\t\t\t\t\t\t\t\t\t<p>O nama<\/p>\t\t\t\t\t\t\t\t<\/div>\n\t\t\t\t<\/div>\n\t\t\t\t<div class=\"elementor-element elementor-element-3ea4fc8 elementor-widget elementor-widget-text-editor\" data-id=\"3ea4fc8\" data-element_type=\"widget\" data-widget_type=\"text-editor.default\">\n\t\t\t\t<div class=\"elementor-widget-container\">\n\t\t\t\t\t\t\t\t\t<p>Mlada firma sa ogromnim zale\u0111em u podru\u010dju industrijske automatizacije, robotizacije i servisa.<\/p><p>Cilj nam je odgovoriti na izazove i prona\u0107i rje\u0161enja za na\u0161e klijente.<\/p>\t\t\t\t\t\t\t\t<\/div>\n\t\t\t\t<\/div>\n\t\t\t\t<\/div>\n\t\t\t\t\t<\/div>\n\t\t\t\t<\/div>\n\t\t<div class=\"elementor-element elementor-element-70b3c5c elementor-hidden-desktop elementor-hidden-tablet e-flex e-con-boxed e-con e-parent\" data-id=\"70b3c5c\" data-element_type=\"container\" data-settings=\"{&quot;background_background&quot;:&quot;classic&quot;}\">\n\t\t\t\t\t<div class=\"e-con-inner\">\n\t\t\t\t<div class=\"elementor-element elementor-element-313c093 elementor-widget elementor-widget-text-editor\" data-id=\"313c093\" data-element_type=\"widget\" data-widget_type=\"text-editor.default\">\n\t\t\t\t<div class=\"elementor-widget-container\">\n\t\t\t\t\t\t\t\t\t<p>Kroz implementaciju i integraciju, sigurnost operatera kao i samog stroja odnosno linije nalazi se na prvom mijestu.<\/p>\t\t\t\t\t\t\t\t<\/div>\n\t\t\t\t<\/div>\n\t\t\t\t\t<\/div>\n\t\t\t\t<\/div>\n\t\t\t\t<\/div>\n\t\t","protected":false},"excerpt":{"rendered":"<p>SISTEMTEH \u2013\u00a0 tehni\u010dka rje\u0161enja budu\u0107nosti&#8230; O nama Mlada tvrtka s ogromnim zale\u0111em u podru\u010dju industrijske automatizacije, robotizacije i servisa. Cilj nam je odgovoriti na izazove i prona\u0107i optimalna rje\u0161enja za na\u0161e klijente. Kroz implementaciju i integraciju, sigurnost operatera kao i samog stroja\u00a0 nalazi se na prvom mijestu. O nama Mlada firma sa ogromnim zale\u0111em u [&hellip;]<\/p>\n","protected":false},"author":1,"featured_media":0,"parent":0,"menu_order":0,"comment_status":"closed","ping_status":"closed","template":"elementor_header_footer","meta":{"footnotes":""},"class_list":["post-148","page","type-page","status-publish","hentry","entry"],"yoast_head":"<!-- This site is optimized with the Yoast SEO plugin v26.6 - https:\/\/yoast.com\/wordpress\/plugins\/seo\/ -->\n<title>O nama - Sistemteh<\/title>\n<meta name=\"description\" content=\"Programiranje PLC\/SCADA, Automatizacija i robotizacija, CNC, Mehatronika\" \/>\n<meta name=\"robots\" content=\"index, follow, max-snippet:-1, max-image-preview:large, max-video-preview:-1\" \/>\n<link rel=\"canonical\" href=\"https:\/\/www.sistemteh.hr\/?page_id=148\" \/>\n<meta property=\"og:locale\" content=\"hr_HR\" \/>\n<meta property=\"og:type\" content=\"article\" \/>\n<meta property=\"og:title\" content=\"O nama - Sistemteh\" \/>\n<meta property=\"og:description\" content=\"Programiranje PLC\/SCADA, Automatizacija i robotizacija, CNC, Mehatronika\" \/>\n<meta property=\"og:url\" content=\"https:\/\/www.sistemteh.hr\/?page_id=148\" \/>\n<meta property=\"og:site_name\" content=\"Sistemteh\" \/>\n<meta property=\"article:modified_time\" content=\"2025-03-02T16:34:21+00:00\" \/>\n<meta name=\"twitter:card\" content=\"summary_large_image\" \/>\n<meta name=\"twitter:label1\" content=\"Procijenjeno vrijeme \u010ditanja\" \/>\n\t<meta name=\"twitter:data1\" content=\"1 minuta\" \/>\n<script type=\"application\/ld+json\" class=\"yoast-schema-graph\">{\"@context\":\"https:\/\/schema.org\",\"@graph\":[{\"@type\":\"WebPage\",\"@id\":\"https:\/\/www.sistemteh.hr\/?page_id=148\",\"url\":\"https:\/\/www.sistemteh.hr\/?page_id=148\",\"name\":\"O nama - Sistemteh\",\"isPartOf\":{\"@id\":\"https:\/\/www.sistemteh.hr\/#website\"},\"datePublished\":\"2025-02-15T17:27:57+00:00\",\"dateModified\":\"2025-03-02T16:34:21+00:00\",\"description\":\"Programiranje PLC\/SCADA, Automatizacija i robotizacija, CNC, Mehatronika\",\"breadcrumb\":{\"@id\":\"https:\/\/www.sistemteh.hr\/?page_id=148#breadcrumb\"},\"inLanguage\":\"hr\",\"potentialAction\":[{\"@type\":\"ReadAction\",\"target\":[\"https:\/\/www.sistemteh.hr\/?page_id=148\"]}]},{\"@type\":\"BreadcrumbList\",\"@id\":\"https:\/\/www.sistemteh.hr\/?page_id=148#breadcrumb\",\"itemListElement\":[{\"@type\":\"ListItem\",\"position\":1,\"name\":\"Po\u010detna stranica\",\"item\":\"https:\/\/www.sistemteh.hr\/\"},{\"@type\":\"ListItem\",\"position\":2,\"name\":\"O nama\"}]},{\"@type\":\"WebSite\",\"@id\":\"https:\/\/www.sistemteh.hr\/#website\",\"url\":\"https:\/\/www.sistemteh.hr\/\",\"name\":\"Sistemteh\",\"description\":\"Industrijska automatizacija i robotizacija\",\"publisher\":{\"@id\":\"https:\/\/www.sistemteh.hr\/#organization\"},\"potentialAction\":[{\"@type\":\"SearchAction\",\"target\":{\"@type\":\"EntryPoint\",\"urlTemplate\":\"https:\/\/www.sistemteh.hr\/?s={search_term_string}\"},\"query-input\":{\"@type\":\"PropertyValueSpecification\",\"valueRequired\":true,\"valueName\":\"search_term_string\"}}],\"inLanguage\":\"hr\"},{\"@type\":\"Organization\",\"@id\":\"https:\/\/www.sistemteh.hr\/#organization\",\"name\":\"Sistemteh\",\"url\":\"https:\/\/www.sistemteh.hr\/\",\"logo\":{\"@type\":\"ImageObject\",\"inLanguage\":\"hr\",\"@id\":\"https:\/\/www.sistemteh.hr\/#\/schema\/logo\/image\/\",\"url\":\"https:\/\/www.sistemteh.hr\/wp-content\/uploads\/2025\/02\/SistemtehLogo.png\",\"contentUrl\":\"https:\/\/www.sistemteh.hr\/wp-content\/uploads\/2025\/02\/SistemtehLogo.png\",\"width\":898,\"height\":195,\"caption\":\"Sistemteh\"},\"image\":{\"@id\":\"https:\/\/www.sistemteh.hr\/#\/schema\/logo\/image\/\"}}]}<\/script>\n<!-- \/ Yoast SEO plugin. -->","yoast_head_json":{"title":"O nama - Sistemteh","description":"Programiranje PLC\/SCADA, Automatizacija i robotizacija, CNC, Mehatronika","robots":{"index":"index","follow":"follow","max-snippet":"max-snippet:-1","max-image-preview":"max-image-preview:large","max-video-preview":"max-video-preview:-1"},"canonical":"https:\/\/www.sistemteh.hr\/?page_id=148","og_locale":"hr_HR","og_type":"article","og_title":"O nama - Sistemteh","og_description":"Programiranje PLC\/SCADA, Automatizacija i robotizacija, CNC, Mehatronika","og_url":"https:\/\/www.sistemteh.hr\/?page_id=148","og_site_name":"Sistemteh","article_modified_time":"2025-03-02T16:34:21+00:00","twitter_card":"summary_large_image","twitter_misc":{"Procijenjeno vrijeme \u010ditanja":"1 minuta"},"schema":{"@context":"https:\/\/schema.org","@graph":[{"@type":"WebPage","@id":"https:\/\/www.sistemteh.hr\/?page_id=148","url":"https:\/\/www.sistemteh.hr\/?page_id=148","name":"O nama - Sistemteh","isPartOf":{"@id":"https:\/\/www.sistemteh.hr\/#website"},"datePublished":"2025-02-15T17:27:57+00:00","dateModified":"2025-03-02T16:34:21+00:00","description":"Programiranje PLC\/SCADA, Automatizacija i robotizacija, CNC, Mehatronika","breadcrumb":{"@id":"https:\/\/www.sistemteh.hr\/?page_id=148#breadcrumb"},"inLanguage":"hr","potentialAction":[{"@type":"ReadAction","target":["https:\/\/www.sistemteh.hr\/?page_id=148"]}]},{"@type":"BreadcrumbList","@id":"https:\/\/www.sistemteh.hr\/?page_id=148#breadcrumb","itemListElement":[{"@type":"ListItem","position":1,"name":"Po\u010detna stranica","item":"https:\/\/www.sistemteh.hr\/"},{"@type":"ListItem","position":2,"name":"O nama"}]},{"@type":"WebSite","@id":"https:\/\/www.sistemteh.hr\/#website","url":"https:\/\/www.sistemteh.hr\/","name":"Sistemteh","description":"Industrijska automatizacija i robotizacija","publisher":{"@id":"https:\/\/www.sistemteh.hr\/#organization"},"potentialAction":[{"@type":"SearchAction","target":{"@type":"EntryPoint","urlTemplate":"https:\/\/www.sistemteh.hr\/?s={search_term_string}"},"query-input":{"@type":"PropertyValueSpecification","valueRequired":true,"valueName":"search_term_string"}}],"inLanguage":"hr"},{"@type":"Organization","@id":"https:\/\/www.sistemteh.hr\/#organization","name":"Sistemteh","url":"https:\/\/www.sistemteh.hr\/","logo":{"@type":"ImageObject","inLanguage":"hr","@id":"https:\/\/www.sistemteh.hr\/#\/schema\/logo\/image\/","url":"https:\/\/www.sistemteh.hr\/wp-content\/uploads\/2025\/02\/SistemtehLogo.png","contentUrl":"https:\/\/www.sistemteh.hr\/wp-content\/uploads\/2025\/02\/SistemtehLogo.png","width":898,"height":195,"caption":"Sistemteh"},"image":{"@id":"https:\/\/www.sistemteh.hr\/#\/schema\/logo\/image\/"}}]}},"_links":{"self":[{"href":"https:\/\/www.sistemteh.hr\/index.php?rest_route=\/wp\/v2\/pages\/148","targetHints":{"allow":["GET"]}}],"collection":[{"href":"https:\/\/www.sistemteh.hr\/index.php?rest_route=\/wp\/v2\/pages"}],"about":[{"href":"https:\/\/www.sistemteh.hr\/index.php?rest_route=\/wp\/v2\/types\/page"}],"author":[{"embeddable":true,"href":"https:\/\/www.sistemteh.hr\/index.php?rest_route=\/wp\/v2\/users\/1"}],"replies":[{"embeddable":true,"href":"https:\/\/www.sistemteh.hr\/index.php?rest_route=%2Fwp%2Fv2%2Fcomments&post=148"}],"version-history":[{"count":169,"href":"https:\/\/www.sistemteh.hr\/index.php?rest_route=\/wp\/v2\/pages\/148\/revisions"}],"predecessor-version":[{"id":1119,"href":"https:\/\/www.sistemteh.hr\/index.php?rest_route=\/wp\/v2\/pages\/148\/revisions\/1119"}],"wp:attachment":[{"href":"https:\/\/www.sistemteh.hr\/index.php?rest_route=%2Fwp%2Fv2%2Fmedia&parent=148"}],"curies":[{"name":"wp","href":"https:\/\/api.w.org\/{rel}","templated":true}]}}