{"id":166,"date":"2025-02-17T12:09:09","date_gmt":"2025-02-17T11:09:09","guid":{"rendered":"https:\/\/www.sistemteh.hr\/?page_id=166"},"modified":"2025-03-02T17:35:59","modified_gmt":"2025-03-02T16:35:59","slug":"proizvodi-i-usluge","status":"publish","type":"page","link":"https:\/\/www.sistemteh.hr\/?page_id=166","title":{"rendered":"Proizvodi i usluge"},"content":{"rendered":"\t\t<div data-elementor-type=\"wp-page\" data-elementor-id=\"166\" class=\"elementor elementor-166\" data-elementor-post-type=\"page\">\n\t\t\t\t<div class=\"elementor-element elementor-element-b1db2f4 e-con-full e-flex e-con e-parent\" data-id=\"b1db2f4\" data-element_type=\"container\" data-settings=\"{&quot;background_background&quot;:&quot;classic&quot;}\">\n\t\t\t\t<div class=\"elementor-element elementor-element-a8f12a6 elementor-widget elementor-widget-spacer\" data-id=\"a8f12a6\" data-element_type=\"widget\" data-widget_type=\"spacer.default\">\n\t\t\t\t<div class=\"elementor-widget-container\">\n\t\t\t\t\t\t\t<div class=\"elementor-spacer\">\n\t\t\t<div class=\"elementor-spacer-inner\"><\/div>\n\t\t<\/div>\n\t\t\t\t\t\t<\/div>\n\t\t\t\t<\/div>\n\t\t\t\t<div class=\"elementor-element elementor-element-7a0cbe7 elementor-widget__width-initial elementor-widget elementor-widget-text-editor\" data-id=\"7a0cbe7\" data-element_type=\"widget\" data-widget_type=\"text-editor.default\">\n\t\t\t\t<div class=\"elementor-widget-container\">\n\t\t\t\t\t\t\t\t\t<p>\u0160to nudimo?<\/p>\t\t\t\t\t\t\t\t<\/div>\n\t\t\t\t<\/div>\n\t\t\t\t<\/div>\n\t\t<div class=\"elementor-element elementor-element-05af2ba e-con-full e-flex e-con e-parent\" data-id=\"05af2ba\" data-element_type=\"container\" data-settings=\"{&quot;background_background&quot;:&quot;classic&quot;}\">\n\t\t\t\t<div class=\"elementor-element elementor-element-73633b3 elementor--h-position-center elementor--v-position-middle elementor-arrows-position-inside elementor-pagination-position-inside elementor-widget elementor-widget-slides\" data-id=\"73633b3\" data-element_type=\"widget\" data-settings=\"{&quot;autoplay_speed&quot;:15000,&quot;navigation&quot;:&quot;both&quot;,&quot;autoplay&quot;:&quot;yes&quot;,&quot;pause_on_hover&quot;:&quot;yes&quot;,&quot;pause_on_interaction&quot;:&quot;yes&quot;,&quot;infinite&quot;:&quot;yes&quot;,&quot;transition&quot;:&quot;slide&quot;,&quot;transition_speed&quot;:500}\" data-widget_type=\"slides.default\">\n\t\t\t\t<div class=\"elementor-widget-container\">\n\t\t\t\t\t\t\t\t\t<div class=\"elementor-swiper\">\n\t\t\t\t\t<div class=\"elementor-slides-wrapper elementor-main-swiper swiper\" role=\"region\" aria-roledescription=\"carousel\" aria-label=\"Slides\" dir=\"ltr\" data-animation=\"fadeInUp\">\n\t\t\t\t<div class=\"swiper-wrapper elementor-slides\">\n\t\t\t\t\t\t\t\t\t\t<div class=\"elementor-repeater-item-cc29c6a swiper-slide\" role=\"group\" aria-roledescription=\"slide\"><div class=\"swiper-slide-bg elementor-ken-burns elementor-ken-burns--in\" role=\"img\"><\/div><div class=\"elementor-background-overlay\"><\/div><div class=\"swiper-slide-inner\" ><div class=\"swiper-slide-contents\"><div class=\"elementor-slide-heading\">Projektiranje i izrada strojeva<\/div><div class=\"elementor-slide-description\">\u00a0 \u00a0 Izrada industrijskih strojeva i proizvodnih linija sukladno zahtjevima klijenta prema sustavu \u201eklju\u010d u ruke\u201c. Primjeri strojeva i linija su transportni sustavi, strojevi za pakiranje, strojevi za monta\u017eu raznih proizvoda, manipulatori za premje\u0161tanje i pozicioniranje predmeta.\n\n\u00a0 \u00a0 \u00a0Uz cijelovito rje\u0161enje u mogu\u0107nosti smo ponuditi i djelomi\u010dna rje\u0161enja prema zahtjevima klijenata (modeliranje u 3D okru\u017eenju, izrada elektro dokumentacije, izrada upravlja\u010dkog software-a)<\/div><\/div><\/div><\/div><div class=\"elementor-repeater-item-5cf18dc swiper-slide\" role=\"group\" aria-roledescription=\"slide\"><div class=\"swiper-slide-bg elementor-ken-burns elementor-ken-burns--in\" role=\"img\"><\/div><div class=\"elementor-background-overlay\"><\/div><div class=\"swiper-slide-inner\" ><div class=\"swiper-slide-contents\"><div class=\"elementor-slide-heading\">Retrofit postoje\u0107ih strojeva<\/div><div class=\"elementor-slide-description\">\u00a0 \u00a0 Vrlo \u010desti slu\u010daj ispravne i robusne mehanike na pojedinim starijim strojevima dovodi do zahtjeva za promjenom upravljanja na istome.\u00a0Samim time dobiva se novi stroj za puno manju cijenu. Tipi\u010dni primjeri retrofita\u00a0 strojeva su CNC obradni centri i hidrauli\u010dke pre\u0161e.<\/div><\/div><\/div><\/div><div class=\"elementor-repeater-item-ee200af swiper-slide\" role=\"group\" aria-roledescription=\"slide\"><div class=\"swiper-slide-bg elementor-ken-burns elementor-ken-burns--in\" role=\"img\"><\/div><div class=\"elementor-background-overlay\"><\/div><div class=\"swiper-slide-inner\" ><div class=\"swiper-slide-contents\"><div class=\"elementor-slide-heading\">Robotizacija<\/div><div class=\"elementor-slide-description\">\u00a0 \u00a0Upravo je fleksibilnost uz autonomiju rada jedan od najve\u0107ih aduta koje nam nude robotske tehnologije. Robotskim rje\u0161enjima mo\u017eemo obuhvatiti \u0161iroki spektar zadataka kao i mnogo vrsta proizvoda \u0161to ih \u010dini vrlo fleksibilnima. Tipi\u010dni primjeri robotskih \u0107elija su poslu\u017eivanje CNC strojeva, bru\u0161enje obradaka, paletizacija i depaletizacija, robotsko zavarivanje, disperzija masa te \u00a0razne aplikacije monta\u017ee.\n\n\u00a0 \u00a0Uz klasi\u010dne industrijske robote u mogu\u0107nosti smo ponuditi i kolaborativne robote koji mogu raditi rame uz rame pokraj \u010dovjeka bez potrebe za dodatnim sigurnosnim sustavima.<\/div><\/div><\/div><\/div><div class=\"elementor-repeater-item-a8ff5b2 swiper-slide\" role=\"group\" aria-roledescription=\"slide\"><div class=\"swiper-slide-bg elementor-ken-burns elementor-ken-burns--in\" role=\"img\"><\/div><div class=\"elementor-background-overlay\"><\/div><div class=\"swiper-slide-inner\" ><div class=\"swiper-slide-contents\"><div class=\"elementor-slide-heading\">Programiranje PLC\/SCADA<\/div><div class=\"elementor-slide-description\">\u00a0 PLC i SCADA sustavi ve\u0107 pola stolje\u0107a upravljaju na\u0161im proizvodnim procesima i linijama.\u00a0Dana\u0161nje strojeve i proizvodne linije te\u0161ko je zamisliti bez PLC-a ili SCADA sustava. Uz izradu PLC programa i SCADA sustava za vlastite potrebe, isto nudimo i kao vanjsku uslugu.<\/div><\/div><\/div><\/div><div class=\"elementor-repeater-item-6d0b913 swiper-slide\" role=\"group\" aria-roledescription=\"slide\"><div class=\"swiper-slide-bg elementor-ken-burns elementor-ken-burns--in\" role=\"img\"><\/div><div class=\"elementor-background-overlay\"><\/div><div class=\"swiper-slide-inner\" ><div class=\"swiper-slide-contents\"><div class=\"elementor-slide-heading\">Servisi<\/div><div class=\"elementor-slide-description\">Kako bi na\u0161im klijentima i njihovim strojevima te linijama osigurali dug \u017eivotni vijek, pru\u017eamo usluge servisiranja.\n\nU mogu\u0107nosti smo izvr\u0161iti mehani\u010dke i elektri\u010dne servise.<\/div><\/div><\/div><\/div>\t\t\t\t<\/div>\n\t\t\t\t\t\t\t\t\t\t\t\t\t\t\t<div class=\"elementor-swiper-button elementor-swiper-button-prev\" role=\"button\" tabindex=\"0\" aria-label=\"Previous slide\">\n\t\t\t\t\t\t\t<svg aria-hidden=\"true\" class=\"e-font-icon-svg e-eicon-chevron-left\" viewBox=\"0 0 1000 1000\" xmlns=\"http:\/\/www.w3.org\/2000\/svg\"><path d=\"M646 125C629 125 613 133 604 142L308 442C296 454 292 471 292 487 292 504 296 521 308 533L604 854C617 867 629 875 646 875 663 875 679 871 692 858 704 846 713 829 713 812 713 796 708 779 692 767L438 487 692 225C700 217 708 204 708 187 708 171 704 154 692 142 675 129 663 125 646 125Z\"><\/path><\/svg>\t\t\t\t\t\t<\/div>\n\t\t\t\t\t\t<div class=\"elementor-swiper-button elementor-swiper-button-next\" role=\"button\" tabindex=\"0\" aria-label=\"Next slide\">\n\t\t\t\t\t\t\t<svg aria-hidden=\"true\" class=\"e-font-icon-svg e-eicon-chevron-right\" viewBox=\"0 0 1000 1000\" xmlns=\"http:\/\/www.w3.org\/2000\/svg\"><path d=\"M696 533C708 521 713 504 713 487 713 471 708 454 696 446L400 146C388 133 375 125 354 125 338 125 325 129 313 142 300 154 292 171 292 187 292 204 296 221 308 233L563 492 304 771C292 783 288 800 288 817 288 833 296 850 308 863 321 871 338 875 354 875 371 875 388 867 400 854L696 533Z\"><\/path><\/svg>\t\t\t\t\t\t<\/div>\n\t\t\t\t\t\t\t\t\t\t\t\t\t\t\t\t<div class=\"swiper-pagination\"><\/div>\n\t\t\t\t\t\t\t\t\t\t\t\t<\/div>\n\t\t\t\t<\/div>\n\t\t\t\t\t\t\t\t<\/div>\n\t\t\t\t<\/div>\n\t\t\t\t<\/div>\n\t\t\t\t<\/div>\n\t\t","protected":false},"excerpt":{"rendered":"<p>\u0160to nudimo? Projektiranje i izrada strojeva\u00a0 \u00a0 Izrada industrijskih strojeva i proizvodnih linija sukladno zahtjevima klijenta prema sustavu \u201eklju\u010d u ruke\u201c. Primjeri strojeva i linija su transportni sustavi, strojevi za pakiranje, strojevi za monta\u017eu raznih proizvoda, manipulatori za premje\u0161tanje i pozicioniranje predmeta. \u00a0 \u00a0 \u00a0Uz cijelovito rje\u0161enje u mogu\u0107nosti smo ponuditi i djelomi\u010dna rje\u0161enja prema [&hellip;]<\/p>\n","protected":false},"author":1,"featured_media":0,"parent":0,"menu_order":0,"comment_status":"closed","ping_status":"closed","template":"elementor_header_footer","meta":{"footnotes":""},"class_list":["post-166","page","type-page","status-publish","hentry","entry"],"yoast_head":"<!-- This site is optimized with the Yoast SEO plugin v26.6 - https:\/\/yoast.com\/wordpress\/plugins\/seo\/ -->\n<title>Proizvodi i usluge - Sistemteh<\/title>\n<meta name=\"description\" content=\"Automatizacija i robotizacija, programiranje PLC\/SCADA, mehatronika, CNC\" \/>\n<meta name=\"robots\" content=\"index, follow, max-snippet:-1, max-image-preview:large, max-video-preview:-1\" \/>\n<link rel=\"canonical\" href=\"https:\/\/www.sistemteh.hr\/?page_id=166\" \/>\n<meta property=\"og:locale\" content=\"hr_HR\" \/>\n<meta property=\"og:type\" content=\"article\" \/>\n<meta property=\"og:title\" content=\"Proizvodi i usluge - Sistemteh\" \/>\n<meta property=\"og:description\" content=\"Automatizacija i robotizacija, programiranje PLC\/SCADA, mehatronika, CNC\" \/>\n<meta property=\"og:url\" content=\"https:\/\/www.sistemteh.hr\/?page_id=166\" \/>\n<meta property=\"og:site_name\" content=\"Sistemteh\" \/>\n<meta property=\"article:modified_time\" content=\"2025-03-02T16:35:59+00:00\" \/>\n<meta name=\"twitter:card\" content=\"summary_large_image\" \/>\n<meta name=\"twitter:label1\" content=\"Procijenjeno vrijeme \u010ditanja\" \/>\n\t<meta name=\"twitter:data1\" content=\"2 minute\" \/>\n<script type=\"application\/ld+json\" class=\"yoast-schema-graph\">{\"@context\":\"https:\/\/schema.org\",\"@graph\":[{\"@type\":\"WebPage\",\"@id\":\"https:\/\/www.sistemteh.hr\/?page_id=166\",\"url\":\"https:\/\/www.sistemteh.hr\/?page_id=166\",\"name\":\"Proizvodi i usluge - Sistemteh\",\"isPartOf\":{\"@id\":\"https:\/\/www.sistemteh.hr\/#website\"},\"datePublished\":\"2025-02-17T11:09:09+00:00\",\"dateModified\":\"2025-03-02T16:35:59+00:00\",\"description\":\"Automatizacija i robotizacija, programiranje PLC\/SCADA, mehatronika, CNC\",\"breadcrumb\":{\"@id\":\"https:\/\/www.sistemteh.hr\/?page_id=166#breadcrumb\"},\"inLanguage\":\"hr\",\"potentialAction\":[{\"@type\":\"ReadAction\",\"target\":[\"https:\/\/www.sistemteh.hr\/?page_id=166\"]}]},{\"@type\":\"BreadcrumbList\",\"@id\":\"https:\/\/www.sistemteh.hr\/?page_id=166#breadcrumb\",\"itemListElement\":[{\"@type\":\"ListItem\",\"position\":1,\"name\":\"Po\u010detna stranica\",\"item\":\"https:\/\/www.sistemteh.hr\/\"},{\"@type\":\"ListItem\",\"position\":2,\"name\":\"Proizvodi i usluge\"}]},{\"@type\":\"WebSite\",\"@id\":\"https:\/\/www.sistemteh.hr\/#website\",\"url\":\"https:\/\/www.sistemteh.hr\/\",\"name\":\"Sistemteh\",\"description\":\"Industrijska automatizacija i robotizacija\",\"publisher\":{\"@id\":\"https:\/\/www.sistemteh.hr\/#organization\"},\"potentialAction\":[{\"@type\":\"SearchAction\",\"target\":{\"@type\":\"EntryPoint\",\"urlTemplate\":\"https:\/\/www.sistemteh.hr\/?s={search_term_string}\"},\"query-input\":{\"@type\":\"PropertyValueSpecification\",\"valueRequired\":true,\"valueName\":\"search_term_string\"}}],\"inLanguage\":\"hr\"},{\"@type\":\"Organization\",\"@id\":\"https:\/\/www.sistemteh.hr\/#organization\",\"name\":\"Sistemteh\",\"url\":\"https:\/\/www.sistemteh.hr\/\",\"logo\":{\"@type\":\"ImageObject\",\"inLanguage\":\"hr\",\"@id\":\"https:\/\/www.sistemteh.hr\/#\/schema\/logo\/image\/\",\"url\":\"https:\/\/www.sistemteh.hr\/wp-content\/uploads\/2025\/02\/SistemtehLogo.png\",\"contentUrl\":\"https:\/\/www.sistemteh.hr\/wp-content\/uploads\/2025\/02\/SistemtehLogo.png\",\"width\":898,\"height\":195,\"caption\":\"Sistemteh\"},\"image\":{\"@id\":\"https:\/\/www.sistemteh.hr\/#\/schema\/logo\/image\/\"}}]}<\/script>\n<!-- \/ Yoast SEO plugin. -->","yoast_head_json":{"title":"Proizvodi i usluge - Sistemteh","description":"Automatizacija i robotizacija, programiranje PLC\/SCADA, mehatronika, CNC","robots":{"index":"index","follow":"follow","max-snippet":"max-snippet:-1","max-image-preview":"max-image-preview:large","max-video-preview":"max-video-preview:-1"},"canonical":"https:\/\/www.sistemteh.hr\/?page_id=166","og_locale":"hr_HR","og_type":"article","og_title":"Proizvodi i usluge - Sistemteh","og_description":"Automatizacija i robotizacija, programiranje PLC\/SCADA, mehatronika, CNC","og_url":"https:\/\/www.sistemteh.hr\/?page_id=166","og_site_name":"Sistemteh","article_modified_time":"2025-03-02T16:35:59+00:00","twitter_card":"summary_large_image","twitter_misc":{"Procijenjeno vrijeme \u010ditanja":"2 minute"},"schema":{"@context":"https:\/\/schema.org","@graph":[{"@type":"WebPage","@id":"https:\/\/www.sistemteh.hr\/?page_id=166","url":"https:\/\/www.sistemteh.hr\/?page_id=166","name":"Proizvodi i usluge - Sistemteh","isPartOf":{"@id":"https:\/\/www.sistemteh.hr\/#website"},"datePublished":"2025-02-17T11:09:09+00:00","dateModified":"2025-03-02T16:35:59+00:00","description":"Automatizacija i robotizacija, programiranje PLC\/SCADA, mehatronika, CNC","breadcrumb":{"@id":"https:\/\/www.sistemteh.hr\/?page_id=166#breadcrumb"},"inLanguage":"hr","potentialAction":[{"@type":"ReadAction","target":["https:\/\/www.sistemteh.hr\/?page_id=166"]}]},{"@type":"BreadcrumbList","@id":"https:\/\/www.sistemteh.hr\/?page_id=166#breadcrumb","itemListElement":[{"@type":"ListItem","position":1,"name":"Po\u010detna stranica","item":"https:\/\/www.sistemteh.hr\/"},{"@type":"ListItem","position":2,"name":"Proizvodi i usluge"}]},{"@type":"WebSite","@id":"https:\/\/www.sistemteh.hr\/#website","url":"https:\/\/www.sistemteh.hr\/","name":"Sistemteh","description":"Industrijska automatizacija i robotizacija","publisher":{"@id":"https:\/\/www.sistemteh.hr\/#organization"},"potentialAction":[{"@type":"SearchAction","target":{"@type":"EntryPoint","urlTemplate":"https:\/\/www.sistemteh.hr\/?s={search_term_string}"},"query-input":{"@type":"PropertyValueSpecification","valueRequired":true,"valueName":"search_term_string"}}],"inLanguage":"hr"},{"@type":"Organization","@id":"https:\/\/www.sistemteh.hr\/#organization","name":"Sistemteh","url":"https:\/\/www.sistemteh.hr\/","logo":{"@type":"ImageObject","inLanguage":"hr","@id":"https:\/\/www.sistemteh.hr\/#\/schema\/logo\/image\/","url":"https:\/\/www.sistemteh.hr\/wp-content\/uploads\/2025\/02\/SistemtehLogo.png","contentUrl":"https:\/\/www.sistemteh.hr\/wp-content\/uploads\/2025\/02\/SistemtehLogo.png","width":898,"height":195,"caption":"Sistemteh"},"image":{"@id":"https:\/\/www.sistemteh.hr\/#\/schema\/logo\/image\/"}}]}},"_links":{"self":[{"href":"https:\/\/www.sistemteh.hr\/index.php?rest_route=\/wp\/v2\/pages\/166","targetHints":{"allow":["GET"]}}],"collection":[{"href":"https:\/\/www.sistemteh.hr\/index.php?rest_route=\/wp\/v2\/pages"}],"about":[{"href":"https:\/\/www.sistemteh.hr\/index.php?rest_route=\/wp\/v2\/types\/page"}],"author":[{"embeddable":true,"href":"https:\/\/www.sistemteh.hr\/index.php?rest_route=\/wp\/v2\/users\/1"}],"replies":[{"embeddable":true,"href":"https:\/\/www.sistemteh.hr\/index.php?rest_route=%2Fwp%2Fv2%2Fcomments&post=166"}],"version-history":[{"count":301,"href":"https:\/\/www.sistemteh.hr\/index.php?rest_route=\/wp\/v2\/pages\/166\/revisions"}],"predecessor-version":[{"id":1131,"href":"https:\/\/www.sistemteh.hr\/index.php?rest_route=\/wp\/v2\/pages\/166\/revisions\/1131"}],"wp:attachment":[{"href":"https:\/\/www.sistemteh.hr\/index.php?rest_route=%2Fwp%2Fv2%2Fmedia&parent=166"}],"curies":[{"name":"wp","href":"https:\/\/api.w.org\/{rel}","templated":true}]}}