{"id":490,"date":"2025-02-17T19:10:34","date_gmt":"2025-02-17T18:10:34","guid":{"rendered":"https:\/\/www.sistemteh.hr\/?page_id=490"},"modified":"2025-02-17T19:25:31","modified_gmt":"2025-02-17T18:25:31","slug":"polica-privatnosti","status":"publish","type":"page","link":"https:\/\/www.sistemteh.hr\/?page_id=490","title":{"rendered":"Polica privatnosti"},"content":{"rendered":"\t\t<div data-elementor-type=\"wp-page\" data-elementor-id=\"490\" class=\"elementor elementor-490\" data-elementor-post-type=\"page\">\n\t\t\t\t<div class=\"elementor-element elementor-element-6318ac2 e-flex e-con-boxed e-con e-parent\" data-id=\"6318ac2\" data-element_type=\"container\">\n\t\t\t\t\t<div class=\"e-con-inner\">\n\t\t\t\t<div class=\"elementor-element elementor-element-6f22cda elementor-widget elementor-widget-text-editor\" data-id=\"6f22cda\" data-element_type=\"widget\" data-widget_type=\"text-editor.default\">\n\t\t\t\t<div class=\"elementor-widget-container\">\n\t\t\t\t\t\t\t\t\t<p>Uvjeti kori\u0161tenja<\/p>\t\t\t\t\t\t\t\t<\/div>\n\t\t\t\t<\/div>\n\t\t\t\t\t<\/div>\n\t\t\t\t<\/div>\n\t\t<div class=\"elementor-element elementor-element-301e098 e-flex e-con-boxed e-con e-parent\" data-id=\"301e098\" data-element_type=\"container\">\n\t\t\t\t\t<div class=\"e-con-inner\">\n\t\t\t\t<div class=\"elementor-element elementor-element-cb184aa elementor-widget elementor-widget-text-editor\" data-id=\"cb184aa\" data-element_type=\"widget\" data-widget_type=\"text-editor.default\">\n\t\t\t\t<div class=\"elementor-widget-container\">\n\t\t\t\t\t\t\t\t\t<p>Za\u0161tita osobnih podataka<\/p><p>Ovim se Uvjetima ure\u0111uje na\u010din prikupljanja, \u010duvanja i kori\u0161tenja osobnih podataka korisnika mre\u017enih stranica i odnosi se isklju\u010divo na podatke prikupljene iz mre\u017enih izvora koji sadr\u017ee poveznicu na ove stranice i isklju\u010duje prikupljanje osobnih podataka iz bilo kojih drugih izvora. KORISTE\u0106I OVE MRE\u017dNE STRANICE PRISTAJETE NA PRIKUPLJANJE I KORI\u0160TENJE OSOBNIH PODATAKA KORISNIKA SUKLADNO NAVEDENIM UVJETIMA. KORISNICI SU NADALJE SUGLASNI S \u010cINJENICOM DA SISTEMTEH d.o.o., MO\u017dE POVREMENO, PREMA VLASTITOM NAHO\u0110ENJU, BEZ PRETHODNE NAJAVE, IZMIJENITI, PREINA\u010cITI, DOPUNITI, UKLONITI ILI NA BILO KOJI DRUGI NA\u010cIN A\u017dURIRATI OVE UVJETE ZA\u0160TITE OSOBNIH PODATAKA. Sve \u0107e promjene biti objavljene na ovim mre\u017enim stranicama kako bi svi korisnici bili u potpunosti upoznati s vrstom osobnih podataka koji se prikupljaju, na\u010dinom kori\u0161tenja i uvjetima pod kojima ovi podaci mogu pru\u017eiti na uvid. Na\u0161e je Uvjete za\u0161tite osobnih podataka jednostavno prona\u0107i jer se nalaze na po\u010detnoj stranici, a povezani su sa svim mjestima unutar mre\u017enih stranica gdje se prikupljaju osobni podaci korisnika. Gdje god je potrebno, na mjestima prikupljanja podataka nalaze se dodatna obja\u0161njenja o svrsi prikupljanja i kori\u0161tenja osobnih podataka. Ovim Uvjetima i dodatnim obja\u0161njenjima ure\u0111uje se na\u010din kori\u0161tenja osobnih podataka koje korisnici dobrovoljno ustupaju kad pristupaju ovim stranicama.<\/p><p>Izjava o za\u0161titi osobnih podataka<\/p><p>Za potrebe ovih Uvjeta pod pojmom \u201eosobni podatak\u201d smatra se svaki podatak \u2013 ime i prezime, datum ro\u0111enja, e-adresa, po\u0161tanska adresa, telefonski broj, IP adresa i sl. \u2013 na temelju koje se korisnik mo\u017ee identificirati. SISTEMTEH d.o.o. u pravilu ne obra\u0111uje osobne podatke bez odobrenja korisnika. Me\u0111utim, SISTEMTEH d.o.o. pridr\u017eava pravo da u izvanrednim situacijama provede dodatnu obradu podataka u opsegu koji je dopu\u0161ten ili propisan zakonom, odnosno kao dio pravnog postupka ili kaznene istrage. U nastavku je detaljno opisano kako se i kada prikupljaju osobni podaci korisnika.<\/p><p>Prikupljanje i uporaba osobnih podataka<\/p><p>Za pristup ve\u0107ini na\u0161ih usluga nije potrebna nikakva prijava\/registracija pa se stranice mogu koristiti bez otkrivanja identiteta korisnika. Me\u0111utim, za pristup nekim uslugama treba se prijaviti\/registrirati. Prilikom prijave treba popuniti odre\u0111ena polja (neka se obvezno popunjavaju, a druga po \u017eelji) te odabrati korisni\u010dko ime i lozinku. Ako korisnik u takvim situacijama odlu\u010di uskratiti osobne podatke koji se tra\u017ee, ne\u0107e mo\u0107i pristupiti tra\u017eenim stranicama, a SISTEMTEH d.o.o. ne\u0107e mo\u0107i odgovoriti na njegov upit\/zahtjev.<\/p><p>Osobni se podaci obra\u0111uju isklju\u010divo u svrhe u koje se prikupljaju i o kojima se korisnik obavje\u0161\u0107uje u trenutku prikupljanja podataka. Primjerice, SISTEMTEH d.o.o. mo\u017ee prikupljati i koristiti osobne podatke korisnika u svrhu informiranja o proizvodima i uslugama, slanja ra\u010duna za naru\u010dene proizvode i usluge, slanja promid\u017ebenih poruka o drugim proizvodima i uslugama koje bi korisnika mogle zanimati te u svrhu komunikacije s korisnicima.<\/p><p>Osobni se podaci \u010duvaju sukladno va\u017ee\u0107im zakonskim propisima i eti\u010dkim standardima za \u010duvanje, izvje\u0161tavanje i dokumentiranje osobnih podataka.<\/p><p>Tajnost osobnih podataka<\/p><p>Izri\u010dito izjavljujemo da SISTEMTEH d.o.o. ne\u0107e prodavati, dijeliti ili na bilo koji drugi na\u010din, osim kako je ure\u0111eno ovim Uvjetima, ustupiti korisnikove osobne podatke tre\u0107im osobama. SISTEMTEH d.o.o. \u00a0mo\u017ee ustupiti osobne podatke korisnika povezanim dru\u0161tvima SISTEMTEH d.o.o. u cijelom svijetu, ali samo u skladu s ovim Uvjetima, a primatelji se obvezuju postupati s osobnim podacima sukladno ovim Uvjetima. Osobni podaci korisnika povremeno \u0107e se davati tre\u0107im osobama, koje se unajmljuju za pru\u017eanje odre\u0111enih usluga u ime ili SISTEMTEH d.o.o. ili u svezi s drugim poslovnim djelatnostima skupine SISTEMTEH d.o.o., na daljnju obradu \u010dija je svrha podudarna s prvobitnom svrhom prikupljanja podataka, kao \u0161to je isporuka usluga korisnicima, analiza usluga ili tehni\u010dka podr\u0161ka. Ti davatelji usluga ugovorno se obvezuju koristiti osobne podatke isklju\u010divo u ugovorene svrhe i izri\u010dito izjavljuju da ne\u0107e prodavati osobne podatke tre\u0107im osobama, niti \u0107e ih ustupati tre\u0107im osobama osim u slu\u010daju kad to nala\u017eu zakonom propisani uvjeti. U slu\u010daju ustupanja osobnih podataka korisnika tre\u0107im osobama, SISTEMTEH d.o.o. poduzet \u0107e sve potrebne mjere da se podaci obra\u0111uju isklju\u010divo u svrhe podudarne sa svrhom prikupljanja i u okvirima u kojima su podaci prvobitno prikupljani.<\/p><p>Prikupljeni osobni podaci mogu se ustupiti tre\u0107im osobama u jo\u0161 dva slu\u010daja: 1) ako se poslovna djelatnost tvrtke koja upravlja ovim mre\u017enim stranicama i osobnim podacima korisnika pohranjenim na njima proda, dodijeli ili prenese tre\u0107im osobama, u kojem slu\u010daju su kupac, pravni slijednik ili osoba na koju se prenosi poslovanje obvezni postupati s osobnim podacima sukladno ovim Uvjetima; 2) zbog zakonom propisanih uvjeta, sudskog naloga ili zahtjeva dr\u017eavnih tijela, odnosno ako je otkrivanje podataka neophodno u svrhu pravnog postupka ili kaznene istrage.<\/p><p>Pravo pristupa<\/p><p>Korisnik ima pravo provjeravati jesu li njegovi podaci pohranjeni na ovim mre\u017enim stranicama a\u017eurirani i to\u010dni. U nekim dr\u017eavama korisnici imaju zakonsko pravo zahtijevati da se njegovi osobni podaci isprave ili izbri\u0161u iz baza podataka. Korisnik tako\u0111er ima pravo zatra\u017eiti da se obustavi isporuka svih obavijesti i poruka na njegovu adresu. \u017delite li ostvariti to pravo, po\u0161aljite elektroni\u010dku poruku na adresu info@sistemteh.hr. U poruci navedite adresu stranice gdje ste dali svoje osobne podatke i ozna\u010dite koje podatke \u017eelite ispraviti, osvje\u017eiti ili brisati. Va\u0161 \u0107emo zahtjev rije\u0161iti brzo i na primjeren na\u010din. Zahtjevi za brisanjem podataka podlije\u017eu va\u017ee\u0107im zakonskim propisima i eti\u010dkim standardima za \u010duvanje, izvje\u0161tavanje i dokumentiranje osobnih podataka.<\/p><p>Sigurnost i povjerljivost<\/p><p>Za za\u0161titu sigurnosti i povjerljivosti osobnih podataka korisnika koje prikupljamo online koristimo propisane sigurnosne tehnologije i postupke (npr. firewall), a podaci su za\u0161ti\u0107eni i lozinkama. Tijekom obrade koristimo sve potrebne mjere za za\u0161titu osobnih podataka od gubitka, zloporabe, neovla\u0161tenog pristupa, prijenosa, izmjene ili uni\u0161tenja. Iako ne mo\u017eemo jam\u010diti da ne\u0107e biti gubitka, zloporabe, neovla\u0161tenog pristupa, prijenosa, izmjene ili uni\u0161tenja osobnih podataka, poduzimamo sve mogu\u0107e sigurnosne mjere kako bismo osobne podatke za\u0161titili od navedenih opasnosti.<\/p><p>Anonimni podaci i uporaba kola\u010di\u0107a (cookies )<\/p><p>SISTEMTEH d.o.o. mo\u017ee prikupljati i obra\u0111ivati anonimne podatke o pristupu svojim mre\u017enim stranicama i pretragama koje posjetitelji provode. Takvi anonimni podaci koriste se u svrhu pobolj\u0161anja pohranjenih sadr\u017eaja, odnosno za prikupljanje skupnih statisti\u010dkih podataka o posjetiteljima u svrhu internog istra\u017eivanja tr\u017ei\u0161ta. U tu svrhu mre\u017ene stranice, SISTEMTEH d.o.o. koriste kola\u010di\u0107e (cookies) koji prikupljaju podatke o korisnikovoj e-adresi i nazivu domene te datumu i vremenu pristupanja stranicama. Kola\u010di\u0107i koje postavlja na\u0161 mre\u017eni poslu\u017eitelj ne mogu se koristiti za otkrivanje identiteta pojedina\u010dnih korisnika. Kola\u010di\u0107 je mala tekstualna datoteka koju poslu\u017eitelj mre\u017enih stranica \u0161alje korisnikovu pregledniku i pohranjuje na tvrdom disku korisnikova ra\u010dunala. Kola\u010di\u0107i ne o\u0161te\u0107uju ra\u010dunalo. Postavke korisnikova preglednika mogu se urediti tako da preglednik obavje\u0161\u0107uje korisnika o slanju kola\u010di\u0107a, pri \u010demu korisnik mo\u017ee odlu\u010diti ho\u0107e li ih prihvatiti ili ne. SISTEMTEH d.o.o. mo\u017ee povremeno unajmiti tre\u0107e osobe za pomo\u0107 pri prikupljanju i obradi podataka opisanih u ovom \u010dlanku, u kojem slu\u010daju tre\u0107e osobe preuzimaju obveze opisane u \u010dlanku 3.<\/p><p>SISTEMTEH d.o.o. mo\u017ee povremeno koristiti i mre\u017ene oznake (tj. digitalne slike poznate i kao akcijske oznake, jednopikselne GIF slike, \u010diste GIF slike, nevidljive GIF slike i 1\u00d71 GIF slike) kao pomo\u0107 pri isporuci kola\u010di\u0107a, odnosno za isporuku usluga drugih tvrtki za ogla\u0161avanje. Te se mre\u017ene oznake postavljaju na mre\u017ene oglase\/reklame koji dovode korisnike na mre\u017ene stranice tvrtke SISTEMTEH d.o.o. te se mre\u017ene oznake koriste za brojanje korisnika koji pristupaju na\u0161im stranicama, odnosno za izradu statistika o u\u010dinkovitosti na\u0161ih promocijskih kampanja (uklju\u010duju\u0107i brojanje pristupa pojedinim stranicama, prikupljanje informacija o pregledavanim sadr\u017eajima i sl.). Zbog kola\u010di\u0107a i mre\u017enih oznaka koje se postavljaju na korisnikovo ra\u010dunalo i tre\u0107e osobe koje su na\u0161i partneri u ogla\u0161avanju mogu prikupljati anonimne, skupne statisti\u010dke podatke o posjetiteljima koji su pristupili drugim stranicama. Izri\u010dito izjavljujemo da SISTEMTEH d.o.o. NE\u0106E koristiti kola\u010di\u0107e i mre\u017ene oznake u svrhu prikupljanja osobnih podataka koji mogu poslu\u017eiti za izravnu identifikaciju korisnika, kao \u0161to su imena, po\u0161tanske adrese, e-adrese ili telefonski brojevi. Za dodatne informacije o mre\u017enim oznakama i kola\u010di\u0107ima koji se koriste za mre\u017eno ogla\u0161avanje, odnosno u cilju odustajanja od ciljanog mre\u017enog ogla\u0161avanja posjetite mre\u017enu stranicu Network Advertising Initiative.<\/p><p>Google Analytics<\/p><p>Koristimo uslugu \u201eGoogle Analytics\u201d u svrhu racionalizacije na\u0161ih internetskih stranica (i) optimizacije internetskog prometa tj. posjeta internetskoj stranici tvrtke i prelazaka na druge internetske stranice koje su dio na\u0161eg poslovnog sustava te, po potrebi, (ii) objedinjavanjem sadr\u017eaja i optimizacijom web stranica. \u201eGoogle Analytics\u201d usluga je koju pru\u017ea Google Inc. \u201eGoogle\u201d, a koja obuhva\u0107a detaljne statisti\u010dke podatke o posjetama web stranicama i mjestima s kojih su im korisnici pristupili te mjeri rezultate konverzije i prodaje. Uz pomo\u0107 \u201ekola\u010di\u0107a\u201d koji su pohranjeni na va\u0161em ra\u010dunalu, \u201eGoogle Analytics\u201d analizira na koji na\u010din korisnici upotrebljavaju na\u0161e internetske stranice.<\/p><p>Na podatke o upotrebi na\u0161ih internetskih stranica koji se skupljaju uz pomo\u0107 \u201ekola\u010di\u0107a\u201d, uklju\u010duju\u0107i i va\u0161u IP adresu, primjenjuju se algoritmi koji jam\u010de anonimnost korisnika (funkcija \u201e_anonymizelp()\u201d i sl.) te se podaci \u0161alju na Google-ove poslu\u017eitelje u SAD-u. Vi\u0161e informacija o tome na koji se na\u010din skriva IP adresa potra\u017eite ovdje: https:\/\/support.google.com\/analytics\/answer\/2763052<\/p><p>Google \u0107e za nas izvr\u0161iti obradu podataka prikupljenih uz pomo\u0107 \u201ekola\u010di\u0107a\u201d s ciljem ocjenjivanja na\u010dina upotrebe te sastavljanja izvje\u0161\u0107a o aktivnostima na na\u0161im internetskim stranicama te \u0107e nam ta izvje\u0161\u0107a isporu\u010diti kako bismo ih mogli analizirati.<\/p><p>Google ima pravo proslijediti ove podatke tre\u0107im osobama u skladu sa zakonskim obvezama ili u slu\u010daju da analizu u ime Google-a provodi tre\u0107a osoba. Ni u kojem slu\u010daju Google ne\u0107e spajati niti povezivati va\u0161u IP adresu s drugim podacima s kojima raspola\u017ee.<\/p><p>U postavkama va\u0161eg internetskog preglednika mo\u017eete onemogu\u0107iti preuzimanje i pohranjivanje \u201ekola\u010di\u0107a\u201d. Za to upotrijebite dodatak za internetski preglednik koji mo\u017eete preuzeti ovdje: https:\/\/tools.google.com\/dlpage\/gaoptout?hl=en. Primite na znanje da u tom slu\u010daju ne\u0107ete mo\u0107i upotrebljavati sve funkcije koje su dostupne na na\u0161im internetskim stranicama.<\/p><p>Upotrebom na\u0161ih internetskih stranica dajete svoje odobrenje da Google prikuplja i obra\u0111uje va\u0161e osobne podatke na prethodno opisan na\u010din i u prethodno navedene svrhe.<\/p><p>Osobni podaci djece<\/p><p>Ve\u0107ina usluga dostupnih na mre\u017enim stranicama tvrtke SISTEMTEH d.o.o. namijenjena je osobama starijima od 18 (osamnaest) godina. Bez prethodnoga odobrenja roditelja ili skrbnika ne\u0107emo svjesno prikupljati, koristiti niti dijeliti osobne podatke osoba mla\u0111ih od 18 (osamnaest) godina. Roditelje \u0107emo: 1) obavijestiti o vrsti osobnih podataka koji se prikupljaju od osoba mla\u0111ih od 18 godina i 2) ponuditi im mogu\u0107nost opoziva suglasnosti za prikupljanje, kori\u0161tenje i ustupanje osobnih podataka njihove djece tre\u0107im osobama. SISTEMTEH d.o.o. \u00a0strogo se pridr\u017eava svih zakonskih propisa o za\u0161titi maloljetnika.<\/p><p>Poveznice na druge mre\u017ene stranice<\/p><p>Ovi Uvjeti o za\u0161titi osobnih podataka korisnika odnosi se samo na mre\u017ene stranice tvrtke SISTEMTEH d.o.o. i isklju\u010duje mre\u017ene stranice tre\u0107ih osoba. Zbog potreba i u interesu korisnika ove mre\u017ene stranice mogu sadr\u017eavati poveznice na mre\u017ene stranice tre\u0107ih osoba. \u010cinimo sve \u0161to je u na\u0161oj mo\u0107i kako bi sadr\u017eaj stranica na koje vas upu\u0107ujemo bio \u0161to kvalitetniji. Me\u0111utim, zbog same prirode globalne mre\u017ee, SISTEMTEH d.o.o. ne mo\u017ee dati nikakva jamstva u pogledu za\u0161tite osobnih podataka na stranicama na koje vas upu\u0107uje, niti preuzima bilo kakvu odgovornost za sadr\u017eaj tih stranica. Ovi Uvjeti za\u0161tite osobnih podataka ne odnose se ni na koju povezanu mre\u017enu stranicu koja nije u vlasni\u0161tvu SISTEMTEH d.o.o.<\/p><p>Obratite nam se<\/p><p>Ako imate pitanja ili pritu\u017ebi u vezi s ovim Uvjetima za\u0161tite osobnih podataka ili biste nam htjeli uputiti komentare i prijedloge za pobolj\u0161anje, obratite nam se elektroni\u010dkom porukom na adresu info@sistemteh.hr<\/p>\t\t\t\t\t\t\t\t<\/div>\n\t\t\t\t<\/div>\n\t\t\t\t\t<\/div>\n\t\t\t\t<\/div>\n\t\t\t\t<\/div>\n\t\t","protected":false},"excerpt":{"rendered":"<p>Uvjeti kori\u0161tenja Za\u0161tita osobnih podataka Ovim se Uvjetima ure\u0111uje na\u010din prikupljanja, \u010duvanja i kori\u0161tenja osobnih podataka korisnika mre\u017enih stranica i odnosi se isklju\u010divo na podatke prikupljene iz mre\u017enih izvora koji sadr\u017ee poveznicu na ove stranice i isklju\u010duje prikupljanje osobnih podataka iz bilo kojih drugih izvora. KORISTE\u0106I OVE MRE\u017dNE STRANICE PRISTAJETE NA PRIKUPLJANJE I KORI\u0160TENJE OSOBNIH [&hellip;]<\/p>\n","protected":false},"author":1,"featured_media":0,"parent":0,"menu_order":0,"comment_status":"closed","ping_status":"closed","template":"elementor_header_footer","meta":{"footnotes":""},"class_list":["post-490","page","type-page","status-publish","hentry","entry"],"yoast_head":"<!-- This site is optimized with the Yoast SEO plugin v26.6 - https:\/\/yoast.com\/wordpress\/plugins\/seo\/ -->\n<title>Polica privatnosti - Sistemteh<\/title>\n<meta name=\"robots\" content=\"index, follow, max-snippet:-1, max-image-preview:large, max-video-preview:-1\" \/>\n<link rel=\"canonical\" href=\"https:\/\/www.sistemteh.hr\/?page_id=490\" \/>\n<meta property=\"og:locale\" content=\"hr_HR\" \/>\n<meta property=\"og:type\" content=\"article\" \/>\n<meta property=\"og:title\" content=\"Polica privatnosti - Sistemteh\" \/>\n<meta property=\"og:description\" content=\"Uvjeti kori\u0161tenja Za\u0161tita osobnih podataka Ovim se Uvjetima ure\u0111uje na\u010din prikupljanja, \u010duvanja i kori\u0161tenja osobnih podataka korisnika mre\u017enih stranica i odnosi se isklju\u010divo na podatke prikupljene iz mre\u017enih izvora koji sadr\u017ee poveznicu na ove stranice i isklju\u010duje prikupljanje osobnih podataka iz bilo kojih drugih izvora. KORISTE\u0106I OVE MRE\u017dNE STRANICE PRISTAJETE NA PRIKUPLJANJE I KORI\u0160TENJE OSOBNIH [&hellip;]\" \/>\n<meta property=\"og:url\" content=\"https:\/\/www.sistemteh.hr\/?page_id=490\" \/>\n<meta property=\"og:site_name\" content=\"Sistemteh\" \/>\n<meta property=\"article:modified_time\" content=\"2025-02-17T18:25:31+00:00\" \/>\n<meta name=\"twitter:card\" content=\"summary_large_image\" \/>\n<meta name=\"twitter:label1\" content=\"Procijenjeno vrijeme \u010ditanja\" \/>\n\t<meta name=\"twitter:data1\" content=\"11 minuta\" \/>\n<script type=\"application\/ld+json\" class=\"yoast-schema-graph\">{\"@context\":\"https:\/\/schema.org\",\"@graph\":[{\"@type\":\"WebPage\",\"@id\":\"https:\/\/www.sistemteh.hr\/?page_id=490\",\"url\":\"https:\/\/www.sistemteh.hr\/?page_id=490\",\"name\":\"Polica privatnosti - Sistemteh\",\"isPartOf\":{\"@id\":\"https:\/\/www.sistemteh.hr\/#website\"},\"datePublished\":\"2025-02-17T18:10:34+00:00\",\"dateModified\":\"2025-02-17T18:25:31+00:00\",\"breadcrumb\":{\"@id\":\"https:\/\/www.sistemteh.hr\/?page_id=490#breadcrumb\"},\"inLanguage\":\"hr\",\"potentialAction\":[{\"@type\":\"ReadAction\",\"target\":[\"https:\/\/www.sistemteh.hr\/?page_id=490\"]}]},{\"@type\":\"BreadcrumbList\",\"@id\":\"https:\/\/www.sistemteh.hr\/?page_id=490#breadcrumb\",\"itemListElement\":[{\"@type\":\"ListItem\",\"position\":1,\"name\":\"Po\u010detna stranica\",\"item\":\"https:\/\/www.sistemteh.hr\/\"},{\"@type\":\"ListItem\",\"position\":2,\"name\":\"Polica privatnosti\"}]},{\"@type\":\"WebSite\",\"@id\":\"https:\/\/www.sistemteh.hr\/#website\",\"url\":\"https:\/\/www.sistemteh.hr\/\",\"name\":\"Sistemteh\",\"description\":\"Industrijska automatizacija i robotizacija\",\"publisher\":{\"@id\":\"https:\/\/www.sistemteh.hr\/#organization\"},\"potentialAction\":[{\"@type\":\"SearchAction\",\"target\":{\"@type\":\"EntryPoint\",\"urlTemplate\":\"https:\/\/www.sistemteh.hr\/?s={search_term_string}\"},\"query-input\":{\"@type\":\"PropertyValueSpecification\",\"valueRequired\":true,\"valueName\":\"search_term_string\"}}],\"inLanguage\":\"hr\"},{\"@type\":\"Organization\",\"@id\":\"https:\/\/www.sistemteh.hr\/#organization\",\"name\":\"Sistemteh\",\"url\":\"https:\/\/www.sistemteh.hr\/\",\"logo\":{\"@type\":\"ImageObject\",\"inLanguage\":\"hr\",\"@id\":\"https:\/\/www.sistemteh.hr\/#\/schema\/logo\/image\/\",\"url\":\"https:\/\/www.sistemteh.hr\/wp-content\/uploads\/2025\/02\/SistemtehLogo.png\",\"contentUrl\":\"https:\/\/www.sistemteh.hr\/wp-content\/uploads\/2025\/02\/SistemtehLogo.png\",\"width\":898,\"height\":195,\"caption\":\"Sistemteh\"},\"image\":{\"@id\":\"https:\/\/www.sistemteh.hr\/#\/schema\/logo\/image\/\"}}]}<\/script>\n<!-- \/ Yoast SEO plugin. -->","yoast_head_json":{"title":"Polica privatnosti - Sistemteh","robots":{"index":"index","follow":"follow","max-snippet":"max-snippet:-1","max-image-preview":"max-image-preview:large","max-video-preview":"max-video-preview:-1"},"canonical":"https:\/\/www.sistemteh.hr\/?page_id=490","og_locale":"hr_HR","og_type":"article","og_title":"Polica privatnosti - Sistemteh","og_description":"Uvjeti kori\u0161tenja Za\u0161tita osobnih podataka Ovim se Uvjetima ure\u0111uje na\u010din prikupljanja, \u010duvanja i kori\u0161tenja osobnih podataka korisnika mre\u017enih stranica i odnosi se isklju\u010divo na podatke prikupljene iz mre\u017enih izvora koji sadr\u017ee poveznicu na ove stranice i isklju\u010duje prikupljanje osobnih podataka iz bilo kojih drugih izvora. KORISTE\u0106I OVE MRE\u017dNE STRANICE PRISTAJETE NA PRIKUPLJANJE I KORI\u0160TENJE OSOBNIH [&hellip;]","og_url":"https:\/\/www.sistemteh.hr\/?page_id=490","og_site_name":"Sistemteh","article_modified_time":"2025-02-17T18:25:31+00:00","twitter_card":"summary_large_image","twitter_misc":{"Procijenjeno vrijeme \u010ditanja":"11 minuta"},"schema":{"@context":"https:\/\/schema.org","@graph":[{"@type":"WebPage","@id":"https:\/\/www.sistemteh.hr\/?page_id=490","url":"https:\/\/www.sistemteh.hr\/?page_id=490","name":"Polica privatnosti - Sistemteh","isPartOf":{"@id":"https:\/\/www.sistemteh.hr\/#website"},"datePublished":"2025-02-17T18:10:34+00:00","dateModified":"2025-02-17T18:25:31+00:00","breadcrumb":{"@id":"https:\/\/www.sistemteh.hr\/?page_id=490#breadcrumb"},"inLanguage":"hr","potentialAction":[{"@type":"ReadAction","target":["https:\/\/www.sistemteh.hr\/?page_id=490"]}]},{"@type":"BreadcrumbList","@id":"https:\/\/www.sistemteh.hr\/?page_id=490#breadcrumb","itemListElement":[{"@type":"ListItem","position":1,"name":"Po\u010detna stranica","item":"https:\/\/www.sistemteh.hr\/"},{"@type":"ListItem","position":2,"name":"Polica privatnosti"}]},{"@type":"WebSite","@id":"https:\/\/www.sistemteh.hr\/#website","url":"https:\/\/www.sistemteh.hr\/","name":"Sistemteh","description":"Industrijska automatizacija i robotizacija","publisher":{"@id":"https:\/\/www.sistemteh.hr\/#organization"},"potentialAction":[{"@type":"SearchAction","target":{"@type":"EntryPoint","urlTemplate":"https:\/\/www.sistemteh.hr\/?s={search_term_string}"},"query-input":{"@type":"PropertyValueSpecification","valueRequired":true,"valueName":"search_term_string"}}],"inLanguage":"hr"},{"@type":"Organization","@id":"https:\/\/www.sistemteh.hr\/#organization","name":"Sistemteh","url":"https:\/\/www.sistemteh.hr\/","logo":{"@type":"ImageObject","inLanguage":"hr","@id":"https:\/\/www.sistemteh.hr\/#\/schema\/logo\/image\/","url":"https:\/\/www.sistemteh.hr\/wp-content\/uploads\/2025\/02\/SistemtehLogo.png","contentUrl":"https:\/\/www.sistemteh.hr\/wp-content\/uploads\/2025\/02\/SistemtehLogo.png","width":898,"height":195,"caption":"Sistemteh"},"image":{"@id":"https:\/\/www.sistemteh.hr\/#\/schema\/logo\/image\/"}}]}},"_links":{"self":[{"href":"https:\/\/www.sistemteh.hr\/index.php?rest_route=\/wp\/v2\/pages\/490","targetHints":{"allow":["GET"]}}],"collection":[{"href":"https:\/\/www.sistemteh.hr\/index.php?rest_route=\/wp\/v2\/pages"}],"about":[{"href":"https:\/\/www.sistemteh.hr\/index.php?rest_route=\/wp\/v2\/types\/page"}],"author":[{"embeddable":true,"href":"https:\/\/www.sistemteh.hr\/index.php?rest_route=\/wp\/v2\/users\/1"}],"replies":[{"embeddable":true,"href":"https:\/\/www.sistemteh.hr\/index.php?rest_route=%2Fwp%2Fv2%2Fcomments&post=490"}],"version-history":[{"count":7,"href":"https:\/\/www.sistemteh.hr\/index.php?rest_route=\/wp\/v2\/pages\/490\/revisions"}],"predecessor-version":[{"id":497,"href":"https:\/\/www.sistemteh.hr\/index.php?rest_route=\/wp\/v2\/pages\/490\/revisions\/497"}],"wp:attachment":[{"href":"https:\/\/www.sistemteh.hr\/index.php?rest_route=%2Fwp%2Fv2%2Fmedia&parent=490"}],"curies":[{"name":"wp","href":"https:\/\/api.w.org\/{rel}","templated":true}]}}